{"id":91,"date":"2023-08-14T20:33:37","date_gmt":"2023-08-14T18:33:37","guid":{"rendered":"https:\/\/vertleschamps.fr\/?page_id=91"},"modified":"2023-08-14T20:35:57","modified_gmt":"2023-08-14T18:35:57","slug":"nos-produits","status":"publish","type":"page","link":"https:\/\/vertleschamps.fr\/?page_id=91","title":{"rendered":"Nos produits"},"content":{"rendered":"\n<p><em>Nous produisons des l\u00e9gumes de saisons, en pleine terre et sous tunnels froids.<\/em><\/p>\n\n\n\n<p>Nous produisons environ une quarantaine de l\u00e9gumes \u00e0 l&rsquo;ann\u00e9e, passant des l\u00e9gumes d&rsquo;\u00e9t\u00e9 (tomate ancienne, melon, aubergine, poivron, salade\u2026) aux l\u00e9gumes d&rsquo;hiver (pomme de terre, poireau, carotte, chou, courge, \u00e9pinard, patate douce, navet, rutabaga, m\u00e2che, salade\u2026)<\/p>\n\n\n\n<p><strong>Les petits plus ?<\/strong><\/p>\n\n\n\n<ul class=\"wp-block-list\">\n<li>Au printemps \/ \u00e9t\u00e9 : fraises, tomates anciennes, melon et raisin<\/li>\n\n\n\n<li>En hiver : endive, mesclun, m\u00e2che, persil tub\u00e9reux et patate douce<\/li>\n<\/ul>\n","protected":false},"excerpt":{"rendered":"<p>Nous produisons des l\u00e9gumes de saisons, en pleine terre et sous tunnels froids. Nous produisons environ une quarantaine de l\u00e9gumes \u00e0 l&rsquo;ann\u00e9e, passant des l\u00e9gumes d&rsquo;\u00e9t\u00e9 (tomate ancienne, melon, aubergine, poivron, salade\u2026) aux l\u00e9gumes d&rsquo;hiver (pomme de terre, poireau, carotte, chou, courge, \u00e9pinard, patate douce, navet, rutabaga, m\u00e2che, salade\u2026) Les [&hellip;]<\/p>\n","protected":false},"author":1,"featured_media":89,"parent":0,"menu_order":0,"comment_status":"closed","ping_status":"closed","template":"","meta":{"footnotes":""},"class_list":["post-91","page","type-page","status-publish","has-post-thumbnail","hentry"],"aioseo_notices":[],"_links":{"self":[{"href":"https:\/\/vertleschamps.fr\/index.php?rest_route=\/wp\/v2\/pages\/91","targetHints":{"allow":["GET"]}}],"collection":[{"href":"https:\/\/vertleschamps.fr\/index.php?rest_route=\/wp\/v2\/pages"}],"about":[{"href":"https:\/\/vertleschamps.fr\/index.php?rest_route=\/wp\/v2\/types\/page"}],"author":[{"embeddable":true,"href":"https:\/\/vertleschamps.fr\/index.php?rest_route=\/wp\/v2\/users\/1"}],"replies":[{"embeddable":true,"href":"https:\/\/vertleschamps.fr\/index.php?rest_route=%2Fwp%2Fv2%2Fcomments&post=91"}],"version-history":[{"count":1,"href":"https:\/\/vertleschamps.fr\/index.php?rest_route=\/wp\/v2\/pages\/91\/revisions"}],"predecessor-version":[{"id":92,"href":"https:\/\/vertleschamps.fr\/index.php?rest_route=\/wp\/v2\/pages\/91\/revisions\/92"}],"wp:featuredmedia":[{"embeddable":true,"href":"https:\/\/vertleschamps.fr\/index.php?rest_route=\/wp\/v2\/media\/89"}],"wp:attachment":[{"href":"https:\/\/vertleschamps.fr\/index.php?rest_route=%2Fwp%2Fv2%2Fmedia&parent=91"}],"curies":[{"name":"wp","href":"https:\/\/api.w.org\/{rel}","templated":true}]}}