{"id":48,"date":"2023-08-14T19:20:30","date_gmt":"2023-08-14T17:20:30","guid":{"rendered":"https:\/\/vertleschamps.fr\/?page_id=48"},"modified":"2023-08-14T21:22:41","modified_gmt":"2023-08-14T19:22:41","slug":"ou-nous-trouver","status":"publish","type":"page","link":"https:\/\/vertleschamps.fr\/?page_id=48","title":{"rendered":"O\u00f9 nous trouver ?"},"content":{"rendered":"\n<p><strong> Sur le march\u00e9<\/strong><\/p>\n\n\n\n<ul class=\"wp-block-list\">\n<li>March\u00e9 de Ch\u00e2teau-Gontier (grande diversit\u00e9 de l\u00e9gumes)<\/li>\n\n\n\n<li>March\u00e9 de M\u00e9nil (de juin \u00e0 septembre)<\/li>\n<\/ul>\n\n\n\n<p><strong>En magasin<\/strong><\/p>\n\n\n\n<ul class=\"wp-block-list\">\n<li>Biocoop \u00e0 Ch\u00e2teau-Gontier<\/li>\n<\/ul>\n\n\n\n<p><strong>Panier<\/strong><\/p>\n\n\n\n<ul class=\"wp-block-list\">\n<li>le jeudi apr\u00e8s-midi \u00e0 partir de 16h au cabanon de la ferme (Les Grandes Touches, \u00e0 M\u00e9nil)<\/li>\n\n\n\n<li>le vendredi soir \u00e0 partir de 17h30 aux Halles de Ch\u00e2teau-Gontier (<a href=\"http:\/\/amap53.eklablog.com\/amapotee-de-chateau-gontier-p1007564\" target=\"_blank\" rel=\"noopener\" title=\"Amapot\u00e9e de Ch\u00e2teau-Gontier\">Amapot\u00e9e de Ch\u00e2teau-Gontier<\/a>)<\/li>\n<\/ul>\n\n\n\n<hr class=\"wp-block-separator aligncenter has-alpha-channel-opacity\"\/>\n\n\n\n<iframe src=\"https:\/\/www.google.com\/maps\/embed?pb=!1m18!1m12!1m3!1d2680.785258641184!2d-0.6848493232209144!3d47.78561187559834!2m3!1f0!2f0!3f0!3m2!1i1024!2i768!4f13.1!3m3!1m2!1s0x4808f56b6ed1e01f%3A0x3a903f3df460b1e6!2sVert%2C%20les%20champs%20*21!5e0!3m2!1sfr!2sfr!4v1692040422585!5m2!1sfr!2sfr\" width=\"600\" height=\"450\" style=\"border:0;\" allowfullscreen=\"\" loading=\"lazy\" referrerpolicy=\"no-referrer-when-downgrade\"><\/iframe>\n","protected":false},"excerpt":{"rendered":"<p>Sur le march\u00e9 En magasin Panier<\/p>\n","protected":false},"author":1,"featured_media":102,"parent":0,"menu_order":0,"comment_status":"closed","ping_status":"closed","template":"","meta":{"footnotes":""},"class_list":["post-48","page","type-page","status-publish","has-post-thumbnail","hentry"],"aioseo_notices":[],"_links":{"self":[{"href":"https:\/\/vertleschamps.fr\/index.php?rest_route=\/wp\/v2\/pages\/48","targetHints":{"allow":["GET"]}}],"collection":[{"href":"https:\/\/vertleschamps.fr\/index.php?rest_route=\/wp\/v2\/pages"}],"about":[{"href":"https:\/\/vertleschamps.fr\/index.php?rest_route=\/wp\/v2\/types\/page"}],"author":[{"embeddable":true,"href":"https:\/\/vertleschamps.fr\/index.php?rest_route=\/wp\/v2\/users\/1"}],"replies":[{"embeddable":true,"href":"https:\/\/vertleschamps.fr\/index.php?rest_route=%2Fwp%2Fv2%2Fcomments&post=48"}],"version-history":[{"count":5,"href":"https:\/\/vertleschamps.fr\/index.php?rest_route=\/wp\/v2\/pages\/48\/revisions"}],"predecessor-version":[{"id":137,"href":"https:\/\/vertleschamps.fr\/index.php?rest_route=\/wp\/v2\/pages\/48\/revisions\/137"}],"wp:featuredmedia":[{"embeddable":true,"href":"https:\/\/vertleschamps.fr\/index.php?rest_route=\/wp\/v2\/media\/102"}],"wp:attachment":[{"href":"https:\/\/vertleschamps.fr\/index.php?rest_route=%2Fwp%2Fv2%2Fmedia&parent=48"}],"curies":[{"name":"wp","href":"https:\/\/api.w.org\/{rel}","templated":true}]}}