{"id":46,"date":"2023-08-14T19:20:30","date_gmt":"2023-08-14T17:20:30","guid":{"rendered":"https:\/\/vertleschamps.fr\/?page_id=46"},"modified":"2023-08-14T21:09:31","modified_gmt":"2023-08-14T19:09:31","slug":"nos-methodes-de-travail","status":"publish","type":"page","link":"https:\/\/vertleschamps.fr\/?page_id=46","title":{"rendered":"Nos m\u00e9thodes de travail"},"content":{"rendered":"\n<p><em>Le choix de l&rsquo;agriculture biologique f\u00fbt une \u00e9vidence de part mes exp\u00e9riences et formations professionnelles qui m&rsquo;ont fait rencontrer les dangers d&rsquo;une agriculture conventionnelle<\/em>.<\/p>\n\n\n\n<ul class=\"wp-block-list\">\n<li>Le respect du <a href=\"https:\/\/www.inao.gouv.fr\/Les-signes-officiels-de-la-qualite-et-de-l-origine-SIQO\/Agriculture-biologique\" target=\"_blank\" rel=\"noopener\" title=\"cahier des charges\">cahier des charges<\/a> du r\u00e8glement europ\u00e9en (2018\/848) de la production en agriculture biologique est la premi\u00e8re chose<\/li>\n\n\n\n<li>Le travail manuel (d\u00e9sherbage, plantation, voilage, r\u00e9colte) repr\u00e9sente un des gros poste en mara\u00eechage et n\u00e9cessite d&#8217;employer des saisonniers<\/li>\n\n\n\n<li>Au fil des ann\u00e9e, je me suis \u00e9quip\u00e9 en outils (bineuse, d\u00e9sherbeur thermique, laveuse) pour permettre d&rsquo;all\u00e9ger la charge de travail manuel et pour pouvoir encore exercer mon physiquement au bout de 10 ans.  <\/li>\n\n\n\n<li>Pour nous aider au quotidien face aux ravageurs, nous effectuons des l\u00e2ch\u00e9s de cocinnelles, chrysopes&#8230;<\/li>\n<\/ul>\n","protected":false},"excerpt":{"rendered":"<p>Le choix de l&rsquo;agriculture biologique f\u00fbt une \u00e9vidence de part mes exp\u00e9riences et formations professionnelles qui m&rsquo;ont fait rencontrer les dangers d&rsquo;une agriculture conventionnelle.<\/p>\n","protected":false},"author":1,"featured_media":118,"parent":0,"menu_order":0,"comment_status":"closed","ping_status":"closed","template":"","meta":{"footnotes":""},"class_list":["post-46","page","type-page","status-publish","has-post-thumbnail","hentry"],"aioseo_notices":[],"_links":{"self":[{"href":"https:\/\/vertleschamps.fr\/index.php?rest_route=\/wp\/v2\/pages\/46","targetHints":{"allow":["GET"]}}],"collection":[{"href":"https:\/\/vertleschamps.fr\/index.php?rest_route=\/wp\/v2\/pages"}],"about":[{"href":"https:\/\/vertleschamps.fr\/index.php?rest_route=\/wp\/v2\/types\/page"}],"author":[{"embeddable":true,"href":"https:\/\/vertleschamps.fr\/index.php?rest_route=\/wp\/v2\/users\/1"}],"replies":[{"embeddable":true,"href":"https:\/\/vertleschamps.fr\/index.php?rest_route=%2Fwp%2Fv2%2Fcomments&post=46"}],"version-history":[{"count":5,"href":"https:\/\/vertleschamps.fr\/index.php?rest_route=\/wp\/v2\/pages\/46\/revisions"}],"predecessor-version":[{"id":134,"href":"https:\/\/vertleschamps.fr\/index.php?rest_route=\/wp\/v2\/pages\/46\/revisions\/134"}],"wp:featuredmedia":[{"embeddable":true,"href":"https:\/\/vertleschamps.fr\/index.php?rest_route=\/wp\/v2\/media\/118"}],"wp:attachment":[{"href":"https:\/\/vertleschamps.fr\/index.php?rest_route=%2Fwp%2Fv2%2Fmedia&parent=46"}],"curies":[{"name":"wp","href":"https:\/\/api.w.org\/{rel}","templated":true}]}}