{"id":25,"date":"2023-07-09T21:48:22","date_gmt":"2023-07-09T19:48:22","guid":{"rendered":"https:\/\/vertleschamps.fr\/?page_id=25"},"modified":"2023-08-14T19:56:48","modified_gmt":"2023-08-14T17:56:48","slug":"qui-sommes-nous","status":"publish","type":"page","link":"https:\/\/vertleschamps.fr\/","title":{"rendered":"Vert, les champs ! C&rsquo;est qui ? C&rsquo;est quoi ?"},"content":{"rendered":"\n<p class=\"has-text-align-center has-text-color\" style=\"color:#a2a4b5\">Vert, les champs ! C&rsquo;est moi, Jean-Christophe et ses collaborateurs.<\/p>\n\n\n<div class=\"wp-block-image\">\n<figure class=\"aligncenter size-large\"><img loading=\"lazy\" decoding=\"async\" width=\"1024\" height=\"683\" src=\"https:\/\/vertleschamps.fr\/wp-content\/uploads\/2023\/08\/P1390662-2-1024x683.jpg\" alt=\"\" class=\"wp-image-75\" srcset=\"https:\/\/vertleschamps.fr\/wp-content\/uploads\/2023\/08\/P1390662-2-1024x683.jpg 1024w, https:\/\/vertleschamps.fr\/wp-content\/uploads\/2023\/08\/P1390662-2-300x200.jpg 300w, https:\/\/vertleschamps.fr\/wp-content\/uploads\/2023\/08\/P1390662-2-768x512.jpg 768w, https:\/\/vertleschamps.fr\/wp-content\/uploads\/2023\/08\/P1390662-2-1536x1024.jpg 1536w, https:\/\/vertleschamps.fr\/wp-content\/uploads\/2023\/08\/P1390662-2-2048x1365.jpg 2048w, https:\/\/vertleschamps.fr\/wp-content\/uploads\/2023\/08\/P1390662-2-360x240.jpg 360w\" sizes=\"auto, (max-width: 1024px) 100vw, 1024px\" \/><\/figure>\n<\/div>\n\n\n<p>Install\u00e9 en juillet 2011, \u00e0 M\u00e9nil, sur quelques parcelles de p\u00e2tures de mon p\u00e8re, que j&rsquo;ai converti en agriculture biologique, j&rsquo;ai d\u00e9cid\u00e9 d&rsquo;y cultiver des l\u00e9gumes.<\/p>\n\n\n\n<p>Petit \u00e0 petit, en augmentant la surface de tunnels, j&rsquo;ai pu vendre des l\u00e9gumes en hiver et faire des paniers toute l&rsquo;ann\u00e9e.<\/p>\n\n\n\n<p>De plus, par le d\u00e9veloppement progressif de la ferme, et le travail manuel important que demande le mara\u00eechage biologique, j&rsquo;ai embauch\u00e9 des employ\u00e9s saisonniers qui sont devenus des salari\u00e9s sur le long terme.<\/p>\n","protected":false},"excerpt":{"rendered":"<p>Vert, les champs ! C&rsquo;est moi, Jean-Christophe et ses collaborateurs. Install\u00e9 en juillet 2011, \u00e0 M\u00e9nil, sur quelques parcelles de p\u00e2tures de mon p\u00e8re, que j&rsquo;ai converti en agriculture biologique, j&rsquo;ai d\u00e9cid\u00e9 d&rsquo;y cultiver des l\u00e9gumes. Petit \u00e0 petit, en augmentant la surface de tunnels, j&rsquo;ai pu vendre des l\u00e9gumes [&hellip;]<\/p>\n","protected":false},"author":1,"featured_media":0,"parent":0,"menu_order":0,"comment_status":"closed","ping_status":"closed","template":"","meta":{"footnotes":""},"class_list":["post-25","page","type-page","status-publish","hentry"],"aioseo_notices":[],"_links":{"self":[{"href":"https:\/\/vertleschamps.fr\/index.php?rest_route=\/wp\/v2\/pages\/25","targetHints":{"allow":["GET"]}}],"collection":[{"href":"https:\/\/vertleschamps.fr\/index.php?rest_route=\/wp\/v2\/pages"}],"about":[{"href":"https:\/\/vertleschamps.fr\/index.php?rest_route=\/wp\/v2\/types\/page"}],"author":[{"embeddable":true,"href":"https:\/\/vertleschamps.fr\/index.php?rest_route=\/wp\/v2\/users\/1"}],"replies":[{"embeddable":true,"href":"https:\/\/vertleschamps.fr\/index.php?rest_route=%2Fwp%2Fv2%2Fcomments&post=25"}],"version-history":[{"count":6,"href":"https:\/\/vertleschamps.fr\/index.php?rest_route=\/wp\/v2\/pages\/25\/revisions"}],"predecessor-version":[{"id":76,"href":"https:\/\/vertleschamps.fr\/index.php?rest_route=\/wp\/v2\/pages\/25\/revisions\/76"}],"wp:attachment":[{"href":"https:\/\/vertleschamps.fr\/index.php?rest_route=%2Fwp%2Fv2%2Fmedia&parent=25"}],"curies":[{"name":"wp","href":"https:\/\/api.w.org\/{rel}","templated":true}]}}